{"id":596,"date":"2018-08-27T12:17:23","date_gmt":"2018-08-27T12:17:23","guid":{"rendered":"http:\/\/localhost\/wordpress\/why-choose-me\/"},"modified":"2023-01-18T01:17:16","modified_gmt":"2023-01-18T01:17:16","slug":"forms","status":"publish","type":"page","link":"https:\/\/cktaxmultiservice.com\/es\/forms\/","title":{"rendered":"Formularios"},"content":{"rendered":"\t\t<div data-elementor-type=\"wp-post\" data-elementor-id=\"596\" class=\"elementor elementor-596\">\n\t\t\t\t\t\t<section class=\"elementor-section elementor-top-section elementor-element elementor-element-c72c06a elementor-section-content-middle elementor-section-boxed elementor-section-height-default elementor-section-height-default\" data-id=\"c72c06a\" data-element_type=\"section\" data-e-type=\"section\" data-settings=\"{&quot;background_background&quot;:&quot;slideshow&quot;,&quot;background_slideshow_gallery&quot;:[{&quot;id&quot;:2350,&quot;url&quot;:&quot;https:\\\/\\\/cktaxmultiservice.com\\\/wp-content\\\/uploads\\\/2022\\\/02\\\/f2.jpg&quot;},{&quot;id&quot;:2349,&quot;url&quot;:&quot;https:\\\/\\\/cktaxmultiservice.com\\\/wp-content\\\/uploads\\\/2022\\\/02\\\/f1.jpg&quot;},{&quot;id&quot;:2351,&quot;url&quot;:&quot;https:\\\/\\\/cktaxmultiservice.com\\\/wp-content\\\/uploads\\\/2022\\\/02\\\/f3.jpg&quot;}],&quot;background_slideshow_slide_duration&quot;:3000,&quot;background_slideshow_loop&quot;:&quot;yes&quot;,&quot;background_slideshow_slide_transition&quot;:&quot;fade&quot;,&quot;background_slideshow_transition_duration&quot;:500}\">\n\t\t\t\t\t\t\t<div class=\"elementor-background-overlay\"><\/div>\n\t\t\t\t\t\t\t<div class=\"elementor-container elementor-column-gap-no\">\n\t\t\t\t\t<div class=\"elementor-column elementor-col-100 elementor-top-column elementor-element elementor-element-99d7f03\" data-id=\"99d7f03\" data-element_type=\"column\" data-e-type=\"column\">\n\t\t\t<div class=\"elementor-widget-wrap elementor-element-populated\">\n\t\t\t\t\t\t<div class=\"elementor-element elementor-element-e4ee66b elementor-widget elementor-widget-heading\" data-id=\"e4ee66b\" data-element_type=\"widget\" data-e-type=\"widget\" data-widget_type=\"heading.default\">\n\t\t\t\t<div class=\"elementor-widget-container\">\n\t\t\t\t\t<h4 class=\"elementor-heading-title elementor-size-xxl\">CLIENT  INTAKE<\/h4>\t\t\t\t<\/div>\n\t\t\t\t<\/div>\n\t\t\t\t\t<\/div>\n\t\t<\/div>\n\t\t\t\t\t<\/div>\n\t\t<\/section>\n\t\t\t\t<section class=\"elementor-section elementor-top-section elementor-element elementor-element-4983c5f8 elementor-section-content-middle elementor-section-boxed elementor-section-height-default elementor-section-height-default\" data-id=\"4983c5f8\" data-element_type=\"section\" data-e-type=\"section\">\n\t\t\t\t\t\t<div class=\"elementor-container elementor-column-gap-no\">\n\t\t\t\t\t<div class=\"elementor-column elementor-col-33 elementor-top-column elementor-element elementor-element-769d718c\" data-id=\"769d718c\" data-element_type=\"column\" data-e-type=\"column\">\n\t\t\t<div class=\"elementor-widget-wrap elementor-element-populated\">\n\t\t\t\t\t\t<div class=\"elementor-element elementor-element-b7bb248 elementor-view-default elementor-position-block-start elementor-mobile-position-block-start elementor-widget elementor-widget-icon-box\" data-id=\"b7bb248\" data-element_type=\"widget\" data-e-type=\"widget\" data-widget_type=\"icon-box.default\">\n\t\t\t\t<div class=\"elementor-widget-container\">\n\t\t\t\t\t\t\t<div class=\"elementor-icon-box-wrapper\">\n\n\t\t\t\t\t\t<div class=\"elementor-icon-box-icon\">\n\t\t\t\t<a href=\"https:\/\/cktaxmultiservice.com\/wp-content\/uploads\/2023\/01\/Client-Intake-Form-2023-English.pdf\" target=\"_blank\" class=\"elementor-icon\" tabindex=\"-1\" aria-label=\"FILLABLE PDF FORM IN ENGLISH CUSTOMER INTAKE\">\n\t\t\t\t<i aria-hidden=\"true\" class=\"fas fa-file-signature\"><\/i>\t\t\t\t<\/a>\n\t\t\t<\/div>\n\t\t\t\n\t\t\t\t\t\t<div class=\"elementor-icon-box-content\">\n\n\t\t\t\t\t\t\t\t\t<h3 class=\"elementor-icon-box-title\">\n\t\t\t\t\t\t<a href=\"https:\/\/cktaxmultiservice.com\/wp-content\/uploads\/2023\/01\/Client-Intake-Form-2023-English.pdf\" target=\"_blank\" >\n\t\t\t\t\t\t\tFILLABLE PDF FORM IN ENGLISH CUSTOMER INTAKE\t\t\t\t\t\t<\/a>\n\t\t\t\t\t<\/h3>\n\t\t\t\t\n\t\t\t\t\t\t\t\t\t<p class=\"elementor-icon-box-description\">\n\t\t\t\t\t\tFill it out - Download it - Print it\t\t\t\t\t<\/p>\n\t\t\t\t\n\t\t\t<\/div>\n\t\t\t\n\t\t<\/div>\n\t\t\t\t\t\t<\/div>\n\t\t\t\t<\/div>\n\t\t\t\t<div class=\"elementor-element elementor-element-4f19edc elementor-align-center elementor-widget elementor-widget-button\" data-id=\"4f19edc\" data-element_type=\"widget\" data-e-type=\"widget\" data-widget_type=\"button.default\">\n\t\t\t\t<div class=\"elementor-widget-container\">\n\t\t\t\t\t\t\t\t\t<div class=\"elementor-button-wrapper\">\n\t\t\t\t\t<a class=\"elementor-button elementor-button-link elementor-size-sm\" href=\"https:\/\/cktaxmultiservice.com\/wp-content\/uploads\/2022\/02\/CLIENT-INTAKE-FORMEnglish-2022.pdf\" target=\"_blank\">\n\t\t\t\t\t\t<span class=\"elementor-button-content-wrapper\">\n\t\t\t\t\t\t\t\t\t<span class=\"elementor-button-text\">Click here<\/span>\n\t\t\t\t\t<\/span>\n\t\t\t\t\t<\/a>\n\t\t\t\t<\/div>\n\t\t\t\t\t\t\t\t<\/div>\n\t\t\t\t<\/div>\n\t\t\t\t\t<\/div>\n\t\t<\/div>\n\t\t\t\t<div class=\"elementor-column elementor-col-33 elementor-top-column elementor-element elementor-element-235c53b\" data-id=\"235c53b\" data-element_type=\"column\" data-e-type=\"column\">\n\t\t\t<div class=\"elementor-widget-wrap elementor-element-populated\">\n\t\t\t\t\t\t<div class=\"elementor-element elementor-element-1a114831 elementor-widget elementor-widget-image\" data-id=\"1a114831\" data-element_type=\"widget\" data-e-type=\"widget\" data-widget_type=\"image.default\">\n\t\t\t\t<div class=\"elementor-widget-container\">\n\t\t\t\t\t\t\t\t\t\t\t\t\t\t\t<img fetchpriority=\"high\" decoding=\"async\" width=\"474\" height=\"734\" src=\"https:\/\/cktaxmultiservice.com\/wp-content\/uploads\/2022\/02\/porque-preferirnos5_optimized.png\" class=\"attachment-full size-full wp-image-2639\" alt=\"\" srcset=\"https:\/\/cktaxmultiservice.com\/wp-content\/uploads\/2022\/02\/porque-preferirnos5_optimized.png 474w, https:\/\/cktaxmultiservice.com\/wp-content\/uploads\/2022\/02\/porque-preferirnos5_optimized-194x300.png 194w, https:\/\/cktaxmultiservice.com\/wp-content\/uploads\/2022\/02\/porque-preferirnos5_optimized-8x12.png 8w\" sizes=\"(max-width: 474px) 100vw, 474px\" \/>\t\t\t\t\t\t\t\t\t\t\t\t\t\t\t<\/div>\n\t\t\t\t<\/div>\n\t\t\t\t\t<\/div>\n\t\t<\/div>\n\t\t\t\t<div class=\"elementor-column elementor-col-33 elementor-top-column elementor-element elementor-element-24166daf\" data-id=\"24166daf\" data-element_type=\"column\" data-e-type=\"column\">\n\t\t\t<div class=\"elementor-widget-wrap elementor-element-populated\">\n\t\t\t\t\t\t<div class=\"elementor-element elementor-element-28b4fc3b elementor-view-default elementor-position-block-start elementor-mobile-position-block-start elementor-widget elementor-widget-icon-box\" data-id=\"28b4fc3b\" data-element_type=\"widget\" data-e-type=\"widget\" data-widget_type=\"icon-box.default\">\n\t\t\t\t<div class=\"elementor-widget-container\">\n\t\t\t\t\t\t\t<div class=\"elementor-icon-box-wrapper\">\n\n\t\t\t\t\t\t<div class=\"elementor-icon-box-icon\">\n\t\t\t\t<a href=\"https:\/\/cktaxmultiservice.com\/wp-content\/uploads\/2023\/01\/Client-Intake-Form-2023-SPANISHh.pdf\" target=\"_blank\" class=\"elementor-icon\" tabindex=\"-1\" aria-label=\"formulario pdf rellenable en espa\u00f1ol datos del cliente \">\n\t\t\t\t<i aria-hidden=\"true\" class=\"fas fa-edit\"><\/i>\t\t\t\t<\/a>\n\t\t\t<\/div>\n\t\t\t\n\t\t\t\t\t\t<div class=\"elementor-icon-box-content\">\n\n\t\t\t\t\t\t\t\t\t<h3 class=\"elementor-icon-box-title\">\n\t\t\t\t\t\t<a href=\"https:\/\/cktaxmultiservice.com\/wp-content\/uploads\/2023\/01\/Client-Intake-Form-2023-SPANISHh.pdf\" target=\"_blank\" >\n\t\t\t\t\t\t\tformulario pdf rellenable en espa\u00f1ol datos del cliente \t\t\t\t\t\t<\/a>\n\t\t\t\t\t<\/h3>\n\t\t\t\t\n\t\t\t\t\t\t\t\t\t<p class=\"elementor-icon-box-description\">\n\t\t\t\t\t\tRell\u00e9nalo - Descargarlo - Impr\u00edmelo\t\t\t\t\t<\/p>\n\t\t\t\t\n\t\t\t<\/div>\n\t\t\t\n\t\t<\/div>\n\t\t\t\t\t\t<\/div>\n\t\t\t\t<\/div>\n\t\t\t\t<div class=\"elementor-element elementor-element-e8122c2 elementor-align-center elementor-widget elementor-widget-button\" data-id=\"e8122c2\" data-element_type=\"widget\" data-e-type=\"widget\" data-widget_type=\"button.default\">\n\t\t\t\t<div class=\"elementor-widget-container\">\n\t\t\t\t\t\t\t\t\t<div class=\"elementor-button-wrapper\">\n\t\t\t\t\t<a class=\"elementor-button elementor-button-link elementor-size-sm\" href=\"https:\/\/cktaxmultiservice.com\/wp-content\/uploads\/2022\/02\/INFORMACION-DEL-CLIENTE-SPANISH-2022.pdf\" target=\"_blank\">\n\t\t\t\t\t\t<span class=\"elementor-button-content-wrapper\">\n\t\t\t\t\t\t\t\t\t<span class=\"elementor-button-text\">Haz clic aqu\u00ed<\/span>\n\t\t\t\t\t<\/span>\n\t\t\t\t\t<\/a>\n\t\t\t\t<\/div>\n\t\t\t\t\t\t\t\t<\/div>\n\t\t\t\t<\/div>\n\t\t\t\t\t<\/div>\n\t\t<\/div>\n\t\t\t\t\t<\/div>\n\t\t<\/section>\n\t\t\t\t<section class=\"elementor-section elementor-top-section elementor-element elementor-element-c42787f elementor-section-boxed elementor-section-height-default elementor-section-height-default\" data-id=\"c42787f\" data-element_type=\"section\" data-e-type=\"section\" data-settings=\"{&quot;background_background&quot;:&quot;classic&quot;}\">\n\t\t\t\t\t\t\t<div class=\"elementor-background-overlay\"><\/div>\n\t\t\t\t\t\t\t<div class=\"elementor-container elementor-column-gap-default\">\n\t\t\t\t\t<div class=\"elementor-column elementor-col-50 elementor-top-column elementor-element elementor-element-8c55b04\" data-id=\"8c55b04\" data-element_type=\"column\" data-e-type=\"column\">\n\t\t\t<div class=\"elementor-widget-wrap elementor-element-populated\">\n\t\t\t\t\t\t<div class=\"elementor-element elementor-element-9fb8fb5 elementor-widget elementor-widget-image\" data-id=\"9fb8fb5\" data-element_type=\"widget\" data-e-type=\"widget\" data-widget_type=\"image.default\">\n\t\t\t\t<div class=\"elementor-widget-container\">\n\t\t\t\t\t\t\t\t\t\t\t\t\t\t\t<img decoding=\"async\" width=\"690\" height=\"463\" src=\"https:\/\/cktaxmultiservice.com\/wp-content\/uploads\/2022\/02\/ejemplo-2.jpg\" class=\"attachment-large size-large wp-image-2344\" alt=\"\" srcset=\"https:\/\/cktaxmultiservice.com\/wp-content\/uploads\/2022\/02\/ejemplo-2.jpg 690w, https:\/\/cktaxmultiservice.com\/wp-content\/uploads\/2022\/02\/ejemplo-2-300x201.jpg 300w\" sizes=\"(max-width: 690px) 100vw, 690px\" \/>\t\t\t\t\t\t\t\t\t\t\t\t\t\t\t<\/div>\n\t\t\t\t<\/div>\n\t\t\t\t\t<\/div>\n\t\t<\/div>\n\t\t\t\t<div class=\"elementor-column elementor-col-50 elementor-top-column elementor-element elementor-element-02f3549\" data-id=\"02f3549\" data-element_type=\"column\" data-e-type=\"column\">\n\t\t\t<div class=\"elementor-widget-wrap elementor-element-populated\">\n\t\t\t\t\t\t<div class=\"elementor-element elementor-element-159f86d elementor-widget elementor-widget-image\" data-id=\"159f86d\" data-element_type=\"widget\" data-e-type=\"widget\" data-widget_type=\"image.default\">\n\t\t\t\t<div class=\"elementor-widget-container\">\n\t\t\t\t\t\t\t\t\t\t\t\t\t\t\t<img decoding=\"async\" width=\"690\" height=\"463\" src=\"https:\/\/cktaxmultiservice.com\/wp-content\/uploads\/2022\/02\/ejemplo-1.jpg\" class=\"attachment-large size-large wp-image-2345\" alt=\"\" srcset=\"https:\/\/cktaxmultiservice.com\/wp-content\/uploads\/2022\/02\/ejemplo-1.jpg 690w, https:\/\/cktaxmultiservice.com\/wp-content\/uploads\/2022\/02\/ejemplo-1-300x201.jpg 300w\" sizes=\"(max-width: 690px) 100vw, 690px\" \/>\t\t\t\t\t\t\t\t\t\t\t\t\t\t\t<\/div>\n\t\t\t\t<\/div>\n\t\t\t\t\t<\/div>\n\t\t<\/div>\n\t\t\t\t\t<\/div>\n\t\t<\/section>\n\t\t\t\t<section class=\"elementor-section elementor-top-section elementor-element elementor-element-c91d886 elementor-section-content-middle elementor-section-boxed elementor-section-height-default elementor-section-height-default\" data-id=\"c91d886\" data-element_type=\"section\" data-e-type=\"section\" data-settings=\"{&quot;background_background&quot;:&quot;classic&quot;}\">\n\t\t\t\t\t\t\t<div class=\"elementor-background-overlay\"><\/div>\n\t\t\t\t\t\t\t<div class=\"elementor-container elementor-column-gap-no\">\n\t\t\t\t\t<div class=\"elementor-column elementor-col-100 elementor-top-column elementor-element elementor-element-9ca1fce\" data-id=\"9ca1fce\" data-element_type=\"column\" data-e-type=\"column\">\n\t\t\t<div class=\"elementor-widget-wrap elementor-element-populated\">\n\t\t\t\t\t\t<div class=\"elementor-element elementor-element-79b01c3 elementor-widget elementor-widget-heading\" data-id=\"79b01c3\" data-element_type=\"widget\" data-e-type=\"widget\" data-widget_type=\"heading.default\">\n\t\t\t\t<div class=\"elementor-widget-container\">\n\t\t\t\t\t<h2 class=\"elementor-heading-title elementor-size-default\">REQUEST APPOINTMENT NOW!<\/h2>\t\t\t\t<\/div>\n\t\t\t\t<\/div>\n\t\t\t\t<div class=\"elementor-element elementor-element-d51330a elementor-widget elementor-widget-text-editor\" data-id=\"d51330a\" data-element_type=\"widget\" data-e-type=\"widget\" data-widget_type=\"text-editor.default\">\n\t\t\t\t<div class=\"elementor-widget-container\">\n\t\t\t\t\t\t\t\t\t<p>WE ARE HERE TO HELP YOU<\/p>\t\t\t\t\t\t\t\t<\/div>\n\t\t\t\t<\/div>\n\t\t\t\t<div class=\"elementor-element elementor-element-5e2ddfe elementor-align-center elementor-mobile-align-center elementor-widget elementor-widget-button\" data-id=\"5e2ddfe\" data-element_type=\"widget\" data-e-type=\"widget\" data-widget_type=\"button.default\">\n\t\t\t\t<div class=\"elementor-widget-container\">\n\t\t\t\t\t\t\t\t\t<div class=\"elementor-button-wrapper\">\n\t\t\t\t\t<a class=\"elementor-button elementor-button-link elementor-size-md\" href=\"https:\/\/cktaxmultiservice.com\/contact\/\">\n\t\t\t\t\t\t<span class=\"elementor-button-content-wrapper\">\n\t\t\t\t\t\t\t\t\t<span class=\"elementor-button-text\">Contact US<\/span>\n\t\t\t\t\t<\/span>\n\t\t\t\t\t<\/a>\n\t\t\t\t<\/div>\n\t\t\t\t\t\t\t\t<\/div>\n\t\t\t\t<\/div>\n\t\t\t\t\t<\/div>\n\t\t<\/div>\n\t\t\t\t\t<\/div>\n\t\t<\/section>\n\t\t\t\t<\/div>\n\t\t","protected":false},"excerpt":{"rendered":"<p>CLIENT INTAKE FILLABLE PDF FORM IN ENGLISH CUSTOMER INTAKE Fill it out &#8211; Download it &#8211; Print it Click here formulario pdf rellenable en espa\u00f1ol datos del cliente Rell\u00e9nalo &#8211; Descargarlo &#8211; Impr\u00edmelo Haz clic aqu\u00ed REQUEST APPOINTMENT NOW! WE ARE HERE TO HELP YOU Contact US<\/p>","protected":false},"author":1,"featured_media":0,"parent":0,"menu_order":0,"comment_status":"closed","ping_status":"closed","template":"","meta":{"site-sidebar-layout":"default","site-content-layout":"page-builder","ast-main-header-display":"","ast-hfb-above-header-display":"","ast-hfb-below-header-display":"","ast-hfb-mobile-header-display":"","site-post-title":"disabled","ast-breadcrumbs-content":"","ast-featured-img":"disabled","footer-sml-layout":"","theme-transparent-header-meta":"enabled","adv-header-id-meta":"","stick-header-meta":"","header-above-stick-meta":"","header-main-stick-meta":"","header-below-stick-meta":"","footnotes":""},"class_list":["post-596","page","type-page","status-publish","hentry"],"yoast_head":"<!-- This site is optimized with the Yoast SEO plugin v27.4 - https:\/\/yoast.com\/product\/yoast-seo-wordpress\/ -->\n<title>Forms -<\/title>\n<meta name=\"robots\" content=\"index, follow, max-snippet:-1, max-image-preview:large, max-video-preview:-1\" \/>\n<link rel=\"canonical\" href=\"https:\/\/cktaxmultiservice.com\/es\/forms\/\" \/>\n<meta property=\"og:locale\" content=\"es_ES\" \/>\n<meta property=\"og:type\" content=\"article\" \/>\n<meta property=\"og:title\" content=\"Forms -\" \/>\n<meta property=\"og:description\" content=\"CLIENT INTAKE FILLABLE PDF FORM IN ENGLISH CUSTOMER INTAKE Fill it out &#8211; Download it &#8211; Print it Click here formulario pdf rellenable en espa\u00f1ol datos del cliente Rell\u00e9nalo &#8211; Descargarlo &#8211; Impr\u00edmelo Haz clic aqu\u00ed REQUEST APPOINTMENT NOW! WE ARE HERE TO HELP YOU Contact US\" \/>\n<meta property=\"og:url\" content=\"https:\/\/cktaxmultiservice.com\/es\/forms\/\" \/>\n<meta property=\"article:modified_time\" content=\"2023-01-18T01:17:16+00:00\" \/>\n<meta property=\"og:image\" content=\"https:\/\/cktaxmultiservice.com\/wp-content\/uploads\/2022\/02\/porque-preferirnos5_optimized.png\" \/>\n<meta name=\"twitter:card\" content=\"summary_large_image\" \/>\n<meta name=\"twitter:label1\" content=\"Tiempo de lectura\" \/>\n\t<meta name=\"twitter:data1\" content=\"1 minuto\" \/>\n<script type=\"application\/ld+json\" class=\"yoast-schema-graph\">{\"@context\":\"https:\\\/\\\/schema.org\",\"@graph\":[{\"@type\":\"WebPage\",\"@id\":\"https:\\\/\\\/cktaxmultiservice.com\\\/forms\\\/\",\"url\":\"https:\\\/\\\/cktaxmultiservice.com\\\/forms\\\/\",\"name\":\"Forms -\",\"isPartOf\":{\"@id\":\"https:\\\/\\\/cktaxmultiservice.com\\\/#website\"},\"primaryImageOfPage\":{\"@id\":\"https:\\\/\\\/cktaxmultiservice.com\\\/forms\\\/#primaryimage\"},\"image\":{\"@id\":\"https:\\\/\\\/cktaxmultiservice.com\\\/forms\\\/#primaryimage\"},\"thumbnailUrl\":\"https:\\\/\\\/cktaxmultiservice.com\\\/wp-content\\\/uploads\\\/2022\\\/02\\\/porque-preferirnos5_optimized.png\",\"datePublished\":\"2018-08-27T12:17:23+00:00\",\"dateModified\":\"2023-01-18T01:17:16+00:00\",\"breadcrumb\":{\"@id\":\"https:\\\/\\\/cktaxmultiservice.com\\\/forms\\\/#breadcrumb\"},\"inLanguage\":\"es\",\"potentialAction\":[{\"@type\":\"ReadAction\",\"target\":[\"https:\\\/\\\/cktaxmultiservice.com\\\/forms\\\/\"]}]},{\"@type\":\"ImageObject\",\"inLanguage\":\"es\",\"@id\":\"https:\\\/\\\/cktaxmultiservice.com\\\/forms\\\/#primaryimage\",\"url\":\"https:\\\/\\\/cktaxmultiservice.com\\\/wp-content\\\/uploads\\\/2022\\\/02\\\/porque-preferirnos5_optimized.png\",\"contentUrl\":\"https:\\\/\\\/cktaxmultiservice.com\\\/wp-content\\\/uploads\\\/2022\\\/02\\\/porque-preferirnos5_optimized.png\"},{\"@type\":\"BreadcrumbList\",\"@id\":\"https:\\\/\\\/cktaxmultiservice.com\\\/forms\\\/#breadcrumb\",\"itemListElement\":[{\"@type\":\"ListItem\",\"position\":1,\"name\":\"Portada\",\"item\":\"https:\\\/\\\/cktaxmultiservice.com\\\/\"},{\"@type\":\"ListItem\",\"position\":2,\"name\":\"Forms\"}]},{\"@type\":\"WebSite\",\"@id\":\"https:\\\/\\\/cktaxmultiservice.com\\\/#website\",\"url\":\"https:\\\/\\\/cktaxmultiservice.com\\\/\",\"name\":\"\",\"description\":\"Otro sitio realizado con WordPress\",\"potentialAction\":[{\"@type\":\"SearchAction\",\"target\":{\"@type\":\"EntryPoint\",\"urlTemplate\":\"https:\\\/\\\/cktaxmultiservice.com\\\/?s={search_term_string}\"},\"query-input\":{\"@type\":\"PropertyValueSpecification\",\"valueRequired\":true,\"valueName\":\"search_term_string\"}}],\"inLanguage\":\"es\"}]}<\/script>\n<!-- \/ Yoast SEO plugin. -->","yoast_head_json":{"title":"Forms -","robots":{"index":"index","follow":"follow","max-snippet":"max-snippet:-1","max-image-preview":"max-image-preview:large","max-video-preview":"max-video-preview:-1"},"canonical":"https:\/\/cktaxmultiservice.com\/es\/forms\/","og_locale":"es_ES","og_type":"article","og_title":"Forms -","og_description":"CLIENT INTAKE FILLABLE PDF FORM IN ENGLISH CUSTOMER INTAKE Fill it out &#8211; Download it &#8211; Print it Click here formulario pdf rellenable en espa\u00f1ol datos del cliente Rell\u00e9nalo &#8211; Descargarlo &#8211; Impr\u00edmelo Haz clic aqu\u00ed REQUEST APPOINTMENT NOW! WE ARE HERE TO HELP YOU Contact US","og_url":"https:\/\/cktaxmultiservice.com\/es\/forms\/","article_modified_time":"2023-01-18T01:17:16+00:00","og_image":[{"url":"https:\/\/cktaxmultiservice.com\/wp-content\/uploads\/2022\/02\/porque-preferirnos5_optimized.png","type":"","width":"","height":""}],"twitter_card":"summary_large_image","twitter_misc":{"Tiempo de lectura":"1 minuto"},"schema":{"@context":"https:\/\/schema.org","@graph":[{"@type":"WebPage","@id":"https:\/\/cktaxmultiservice.com\/forms\/","url":"https:\/\/cktaxmultiservice.com\/forms\/","name":"Forms -","isPartOf":{"@id":"https:\/\/cktaxmultiservice.com\/#website"},"primaryImageOfPage":{"@id":"https:\/\/cktaxmultiservice.com\/forms\/#primaryimage"},"image":{"@id":"https:\/\/cktaxmultiservice.com\/forms\/#primaryimage"},"thumbnailUrl":"https:\/\/cktaxmultiservice.com\/wp-content\/uploads\/2022\/02\/porque-preferirnos5_optimized.png","datePublished":"2018-08-27T12:17:23+00:00","dateModified":"2023-01-18T01:17:16+00:00","breadcrumb":{"@id":"https:\/\/cktaxmultiservice.com\/forms\/#breadcrumb"},"inLanguage":"es","potentialAction":[{"@type":"ReadAction","target":["https:\/\/cktaxmultiservice.com\/forms\/"]}]},{"@type":"ImageObject","inLanguage":"es","@id":"https:\/\/cktaxmultiservice.com\/forms\/#primaryimage","url":"https:\/\/cktaxmultiservice.com\/wp-content\/uploads\/2022\/02\/porque-preferirnos5_optimized.png","contentUrl":"https:\/\/cktaxmultiservice.com\/wp-content\/uploads\/2022\/02\/porque-preferirnos5_optimized.png"},{"@type":"BreadcrumbList","@id":"https:\/\/cktaxmultiservice.com\/forms\/#breadcrumb","itemListElement":[{"@type":"ListItem","position":1,"name":"Portada","item":"https:\/\/cktaxmultiservice.com\/"},{"@type":"ListItem","position":2,"name":"Forms"}]},{"@type":"WebSite","@id":"https:\/\/cktaxmultiservice.com\/#website","url":"https:\/\/cktaxmultiservice.com\/","name":"","description":"Otro sitio realizado con WordPress","potentialAction":[{"@type":"SearchAction","target":{"@type":"EntryPoint","urlTemplate":"https:\/\/cktaxmultiservice.com\/?s={search_term_string}"},"query-input":{"@type":"PropertyValueSpecification","valueRequired":true,"valueName":"search_term_string"}}],"inLanguage":"es"}]}},"_links":{"self":[{"href":"https:\/\/cktaxmultiservice.com\/es\/wp-json\/wp\/v2\/pages\/596","targetHints":{"allow":["GET"]}}],"collection":[{"href":"https:\/\/cktaxmultiservice.com\/es\/wp-json\/wp\/v2\/pages"}],"about":[{"href":"https:\/\/cktaxmultiservice.com\/es\/wp-json\/wp\/v2\/types\/page"}],"author":[{"embeddable":true,"href":"https:\/\/cktaxmultiservice.com\/es\/wp-json\/wp\/v2\/users\/1"}],"replies":[{"embeddable":true,"href":"https:\/\/cktaxmultiservice.com\/es\/wp-json\/wp\/v2\/comments?post=596"}],"version-history":[{"count":215,"href":"https:\/\/cktaxmultiservice.com\/es\/wp-json\/wp\/v2\/pages\/596\/revisions"}],"predecessor-version":[{"id":2690,"href":"https:\/\/cktaxmultiservice.com\/es\/wp-json\/wp\/v2\/pages\/596\/revisions\/2690"}],"wp:attachment":[{"href":"https:\/\/cktaxmultiservice.com\/es\/wp-json\/wp\/v2\/media?parent=596"}],"curies":[{"name":"wp","href":"https:\/\/api.w.org\/{rel}","templated":true}]}}