{"id":1240,"date":"2022-01-17T00:43:05","date_gmt":"2022-01-17T00:43:05","guid":{"rendered":"http:\/\/localhost\/wordpress\/?page_id=1240"},"modified":"2022-02-16T02:24:57","modified_gmt":"2022-02-16T02:24:57","slug":"income-tax","status":"publish","type":"page","link":"https:\/\/cktaxmultiservice.com\/es\/income-tax\/","title":{"rendered":"Preparaci\u00f3n de Impuestos"},"content":{"rendered":"<div data-elementor-type=\"wp-page\" data-elementor-id=\"1240\" class=\"elementor elementor-1240\">\n\t\t\t\t\t\t<section class=\"elementor-section elementor-top-section elementor-element elementor-element-79d7f6f elementor-section-boxed elementor-section-height-default elementor-section-height-default\" data-id=\"79d7f6f\" data-element_type=\"section\" data-e-type=\"section\">\n\t\t\t\t\t\t<div class=\"elementor-container elementor-column-gap-default\">\n\t\t\t\t\t<div class=\"elementor-column elementor-col-50 elementor-top-column elementor-element elementor-element-87e4ea8\" data-id=\"87e4ea8\" data-element_type=\"column\" data-e-type=\"column\">\n\t\t\t<div class=\"elementor-widget-wrap elementor-element-populated\">\n\t\t\t\t\t\t<div class=\"elementor-element elementor-element-b9bebb7 elementor-widget elementor-widget-image\" data-id=\"b9bebb7\" data-element_type=\"widget\" data-e-type=\"widget\" data-widget_type=\"image.default\">\n\t\t\t\t<div class=\"elementor-widget-container\">\n\t\t\t\t\t\t\t\t\t\t\t\t\t\t\t<img fetchpriority=\"high\" decoding=\"async\" width=\"690\" height=\"463\" src=\"https:\/\/cktaxmultiservice.com\/wp-content\/uploads\/2022\/02\/BANNER-SERVICIOS3.png\" class=\"attachment-large size-large wp-image-2306\" alt=\"\" srcset=\"https:\/\/cktaxmultiservice.com\/wp-content\/uploads\/2022\/02\/BANNER-SERVICIOS3.png 690w, https:\/\/cktaxmultiservice.com\/wp-content\/uploads\/2022\/02\/BANNER-SERVICIOS3-300x201.png 300w\" sizes=\"(max-width: 690px) 100vw, 690px\" \/>\t\t\t\t\t\t\t\t\t\t\t\t\t\t\t<\/div>\n\t\t\t\t<\/div>\n\t\t\t\t\t<\/div>\n\t\t<\/div>\n\t\t\t\t<div class=\"elementor-column elementor-col-50 elementor-top-column elementor-element elementor-element-3f02c08\" data-id=\"3f02c08\" data-element_type=\"column\" data-e-type=\"column\">\n\t\t\t<div class=\"elementor-widget-wrap elementor-element-populated\">\n\t\t\t\t\t\t<div class=\"elementor-element elementor-element-993c8d5 elementor-widget elementor-widget-image\" data-id=\"993c8d5\" data-element_type=\"widget\" data-e-type=\"widget\" data-widget_type=\"image.default\">\n\t\t\t\t<div class=\"elementor-widget-container\">\n\t\t\t\t\t\t\t\t\t\t\t\t\t\t\t<img decoding=\"async\" width=\"690\" height=\"463\" src=\"https:\/\/cktaxmultiservice.com\/wp-content\/uploads\/2022\/01\/gif-tax-2.gif\" class=\"attachment-large size-large wp-image-1265\" alt=\"\" \/>\t\t\t\t\t\t\t\t\t\t\t\t\t\t\t<\/div>\n\t\t\t\t<\/div>\n\t\t\t\t\t<\/div>\n\t\t<\/div>\n\t\t\t\t\t<\/div>\n\t\t<\/section>\n\t\t\t\t<section class=\"elementor-section elementor-top-section elementor-element elementor-element-67afb33 elementor-section-content-middle elementor-section-boxed elementor-section-height-default elementor-section-height-default\" data-id=\"67afb33\" data-element_type=\"section\" data-e-type=\"section\">\n\t\t\t\t\t\t<div class=\"elementor-container elementor-column-gap-no\">\n\t\t\t\t\t<div class=\"elementor-column elementor-col-100 elementor-top-column elementor-element elementor-element-43f68fae\" data-id=\"43f68fae\" data-element_type=\"column\" data-e-type=\"column\">\n\t\t\t<div class=\"elementor-widget-wrap elementor-element-populated\">\n\t\t\t\t\t\t<div class=\"elementor-element elementor-element-6212d376 elementor-widget elementor-widget-heading\" data-id=\"6212d376\" data-element_type=\"widget\" data-e-type=\"widget\" data-widget_type=\"heading.default\">\n\t\t\t\t<div class=\"elementor-widget-container\">\n\t\t\t\t\t<h3 class=\"elementor-heading-title elementor-size-default\">PREPARACI\u00d3N DE IMPUESTOS<\/h3>\t\t\t\t<\/div>\n\t\t\t\t<\/div>\n\t\t\t\t<div class=\"elementor-element elementor-element-6944810d elementor-widget elementor-widget-text-editor\" data-id=\"6944810d\" data-element_type=\"widget\" data-e-type=\"widget\" data-widget_type=\"text-editor.default\">\n\t\t\t\t<div class=\"elementor-widget-container\">\n\t\t\t\t\t\t\t\t\t<p>En CK TAX MULTISERVICE entendemos que nadie quiere pagar m\u00e1s impuestos de los necesarios o pagar multas que podr\u00eda haber evitado con la preparaci\u00f3n adecuada de la declaraci\u00f3n de impuestos. Por lo tanto, hacemos todo lo posible para trabajar con usted en la recopilaci\u00f3n de toda la informaci\u00f3n necesaria para garantizar que<br \/>se presente una declaraci\u00f3n exacta.<br \/>Contamos con un equipo de expertos certificados que est\u00e1n disponibles 6 d\u00edas a la semana para cualquiera de sus necesidades fiscales. Nuestro objetivo es minimizar sus impuestos lo m\u00e1s bajo posible y brindarle el m\u00e1ximo reembolso disponible.<br \/>Nuestros servicios de preparaci\u00f3n de impuestos son m\u00e1s que solo ingresar n\u00fameros en un formulario de impuestos, nuestro trabajo es interpretarlos y analizarlos de la manera que tenga m\u00e1s sentido y represente con precisi\u00f3n su a\u00f1o financiero.<br \/>Nuestras devoluciones se verifican dos veces para garantizar que no se cometan errores, lo que le ayuda a evitar auditorias.<br \/>Nuestra misi\u00f3n es cuidar de sus impuestos y ayudar a mejorar su situaci\u00f3n financiera para que pueda dedicar su tiempo a lo que le gusta hacer.<\/p>\t\t\t\t\t\t\t\t<\/div>\n\t\t\t\t<\/div>\n\t\t\t\t<section class=\"elementor-section elementor-inner-section elementor-element elementor-element-451a9107 elementor-section-boxed elementor-section-height-default elementor-section-height-default\" data-id=\"451a9107\" data-element_type=\"section\" data-e-type=\"section\">\n\t\t\t\t\t\t<div class=\"elementor-container elementor-column-gap-default\">\n\t\t\t\t\t<div class=\"elementor-column elementor-col-50 elementor-inner-column elementor-element elementor-element-10772b91\" data-id=\"10772b91\" data-element_type=\"column\" data-e-type=\"column\">\n\t\t\t<div class=\"elementor-widget-wrap elementor-element-populated\">\n\t\t\t\t\t\t<div class=\"elementor-element elementor-element-759e512e elementor-widget elementor-widget-text-editor\" data-id=\"759e512e\" data-element_type=\"widget\" data-e-type=\"widget\" data-widget_type=\"text-editor.default\">\n\t\t\t\t<div class=\"elementor-widget-container\">\n\t\t\t\t\t\t\t\t\t<p>Servicios adicionales de preparaci\u00f3n de impuestos disponibles:<\/p><p><strong>Impuestos Anteriores<\/strong><\/p><p><strong>Productos de Reembolso R\u00e1pido<\/strong><\/p><p><strong>Llenado Electr\u00f3nico<\/strong><\/p><p><strong>Enmiendas<\/strong><\/p><p><strong>Extensiones<\/strong><\/p><p><strong>Declaraciones de Asistencia de Auditoria<\/strong><\/p><p><strong>Todos los Impuestos de los Estados Unidos<\/strong><\/p><p><strong>Impuestos en L\u00ednea<\/strong><\/p><p><strong>Ayudamos con Tu Solicitud de ITIN<\/strong><\/p>\t\t\t\t\t\t\t\t<\/div>\n\t\t\t\t<\/div>\n\t\t\t\t\t<\/div>\n\t\t<\/div>\n\t\t\t\t<div class=\"elementor-column elementor-col-50 elementor-inner-column elementor-element elementor-element-9bffbb5\" data-id=\"9bffbb5\" data-element_type=\"column\" data-e-type=\"column\">\n\t\t\t<div class=\"elementor-widget-wrap elementor-element-populated\">\n\t\t\t\t\t\t<div class=\"elementor-element elementor-element-38b6a6e elementor-widget elementor-widget-image\" data-id=\"38b6a6e\" data-element_type=\"widget\" data-e-type=\"widget\" data-widget_type=\"image.default\">\n\t\t\t\t<div class=\"elementor-widget-container\">\n\t\t\t\t\t\t\t\t\t\t\t\t\t\t\t<img decoding=\"async\" width=\"690\" height=\"463\" src=\"https:\/\/cktaxmultiservice.com\/wp-content\/uploads\/2022\/02\/FAMILY-DINERO.jpg\" class=\"attachment-large size-large wp-image-2310\" alt=\"\" srcset=\"https:\/\/cktaxmultiservice.com\/wp-content\/uploads\/2022\/02\/FAMILY-DINERO.jpg 690w, https:\/\/cktaxmultiservice.com\/wp-content\/uploads\/2022\/02\/FAMILY-DINERO-300x201.jpg 300w\" sizes=\"(max-width: 690px) 100vw, 690px\" \/>\t\t\t\t\t\t\t\t\t\t\t\t\t\t\t<\/div>\n\t\t\t\t<\/div>\n\t\t\t\t\t<\/div>\n\t\t<\/div>\n\t\t\t\t\t<\/div>\n\t\t<\/section>\n\t\t\t\t\t<\/div>\n\t\t<\/div>\n\t\t\t\t\t<\/div>\n\t\t<\/section>\n\t\t\t\t<section class=\"elementor-section elementor-top-section elementor-element elementor-element-39e33a59 elementor-section-content-middle elementor-section-boxed elementor-section-height-default elementor-section-height-default\" data-id=\"39e33a59\" data-element_type=\"section\" data-e-type=\"section\" data-settings=\"{&quot;background_background&quot;:&quot;classic&quot;}\">\n\t\t\t\t\t\t<div class=\"elementor-container elementor-column-gap-no\">\n\t\t\t\t\t<div class=\"elementor-column elementor-col-100 elementor-top-column elementor-element elementor-element-1ee7e3d1\" data-id=\"1ee7e3d1\" data-element_type=\"column\" data-e-type=\"column\">\n\t\t\t<div class=\"elementor-widget-wrap elementor-element-populated\">\n\t\t\t\t\t\t<section class=\"elementor-section elementor-inner-section elementor-element elementor-element-3377d062 elementor-section-boxed elementor-section-height-default elementor-section-height-default\" data-id=\"3377d062\" data-element_type=\"section\" data-e-type=\"section\">\n\t\t\t\t\t\t<div class=\"elementor-container elementor-column-gap-default\">\n\t\t\t\t\t<div class=\"elementor-column elementor-col-33 elementor-inner-column elementor-element elementor-element-6b420048\" data-id=\"6b420048\" data-element_type=\"column\" data-e-type=\"column\">\n\t\t\t<div class=\"elementor-widget-wrap elementor-element-populated\">\n\t\t\t\t\t\t<div class=\"elementor-element elementor-element-4204a4c6 elementor-view-default elementor-position-block-start elementor-mobile-position-block-start elementor-widget elementor-widget-icon-box\" data-id=\"4204a4c6\" data-element_type=\"widget\" data-e-type=\"widget\" data-widget_type=\"icon-box.default\">\n\t\t\t\t<div class=\"elementor-widget-container\">\n\t\t\t\t\t\t\t<div class=\"elementor-icon-box-wrapper\">\n\n\t\t\t\t\t\t<div class=\"elementor-icon-box-icon\">\n\t\t\t\t<span  class=\"elementor-icon elementor-animation-grow\">\n\t\t\t\t<i aria-hidden=\"true\" class=\"fas fa-donate\"><\/i>\t\t\t\t<\/span>\n\t\t\t<\/div>\n\t\t\t\n\t\t\t\t\t\t<div class=\"elementor-icon-box-content\">\n\n\t\t\t\t\t\t\t\t\t<h3 class=\"elementor-icon-box-title\">\n\t\t\t\t\t\t<span  >\n\t\t\t\t\t\t\t REEMBOLSO M\u00c1XIMO\t\t\t\t\t\t<\/span>\n\t\t\t\t\t<\/h3>\n\t\t\t\t\n\t\t\t\t\t\t\t\t\t<p class=\"elementor-icon-box-description\">\n\t\t\t\t\t\tEncontraremos todas las deducciones y cr\u00e9ditos para los que califica para que pueda obtener el m\u00e1ximo reembolso\t\t\t\t\t<\/p>\n\t\t\t\t\n\t\t\t<\/div>\n\t\t\t\n\t\t<\/div>\n\t\t\t\t\t\t<\/div>\n\t\t\t\t<\/div>\n\t\t\t\t\t<\/div>\n\t\t<\/div>\n\t\t\t\t<div class=\"elementor-column elementor-col-33 elementor-inner-column elementor-element elementor-element-4bf72d8f\" data-id=\"4bf72d8f\" data-element_type=\"column\" data-e-type=\"column\">\n\t\t\t<div class=\"elementor-widget-wrap elementor-element-populated\">\n\t\t\t\t\t\t<div class=\"elementor-element elementor-element-516c42a3 elementor-view-default elementor-position-block-start elementor-mobile-position-block-start elementor-widget elementor-widget-icon-box\" data-id=\"516c42a3\" data-element_type=\"widget\" data-e-type=\"widget\" data-widget_type=\"icon-box.default\">\n\t\t\t\t<div class=\"elementor-widget-container\">\n\t\t\t\t\t\t\t<div class=\"elementor-icon-box-wrapper\">\n\n\t\t\t\t\t\t<div class=\"elementor-icon-box-icon\">\n\t\t\t\t<span  class=\"elementor-icon elementor-animation-grow\">\n\t\t\t\t<i aria-hidden=\"true\" class=\"fas fa-file-signature\"><\/i>\t\t\t\t<\/span>\n\t\t\t<\/div>\n\t\t\t\n\t\t\t\t\t\t<div class=\"elementor-icon-box-content\">\n\n\t\t\t\t\t\t\t\t\t<h3 class=\"elementor-icon-box-title\">\n\t\t\t\t\t\t<span  >\n\t\t\t\t\t\t\tREVISI\u00d3N DETALLADA DE SU ESTADO DE CUENTA\t\t\t\t\t\t<\/span>\n\t\t\t\t\t<\/h3>\n\t\t\t\t\n\t\t\t\t\t\t\t\t\t<p class=\"elementor-icon-box-description\">\n\t\t\t\t\t\tRevisamos varias veces y le enviaremos su declaraci\u00f3n de impuestos antes de presentarla para que pueda estar seguro de que no falta nada.\t\t\t\t\t<\/p>\n\t\t\t\t\n\t\t\t<\/div>\n\t\t\t\n\t\t<\/div>\n\t\t\t\t\t\t<\/div>\n\t\t\t\t<\/div>\n\t\t\t\t\t<\/div>\n\t\t<\/div>\n\t\t\t\t<div class=\"elementor-column elementor-col-33 elementor-inner-column elementor-element elementor-element-43bf0120\" data-id=\"43bf0120\" data-element_type=\"column\" data-e-type=\"column\">\n\t\t\t<div class=\"elementor-widget-wrap elementor-element-populated\">\n\t\t\t\t\t\t<div class=\"elementor-element elementor-element-33624b52 elementor-view-default elementor-position-block-start elementor-mobile-position-block-start elementor-widget elementor-widget-icon-box\" data-id=\"33624b52\" data-element_type=\"widget\" data-e-type=\"widget\" data-widget_type=\"icon-box.default\">\n\t\t\t\t<div class=\"elementor-widget-container\">\n\t\t\t\t\t\t\t<div class=\"elementor-icon-box-wrapper\">\n\n\t\t\t\t\t\t<div class=\"elementor-icon-box-icon\">\n\t\t\t\t<span  class=\"elementor-icon elementor-animation-grow\">\n\t\t\t\t<i aria-hidden=\"true\" class=\"fas fa-calculator\"><\/i>\t\t\t\t<\/span>\n\t\t\t<\/div>\n\t\t\t\n\t\t\t\t\t\t<div class=\"elementor-icon-box-content\">\n\n\t\t\t\t\t\t\t\t\t<h3 class=\"elementor-icon-box-title\">\n\t\t\t\t\t\t<span  >\n\t\t\t\t\t\t\tC\u00c1LCULOS DE IMPUESTOS\t\t\t\t\t\t<\/span>\n\t\t\t\t\t<\/h3>\n\t\t\t\t\n\t\t\t\t\t\t\t\t\t<p class=\"elementor-icon-box-description\">\n\t\t\t\t\t\t\nNuestro equipo crea estrategias fiscales para minimizar, diferir o eliminar los pagos de impuestos y asegurarse de que cualquier pago, si es propio, se pague a tiempo.\t\t\t\t\t<\/p>\n\t\t\t\t\n\t\t\t<\/div>\n\t\t\t\n\t\t<\/div>\n\t\t\t\t\t\t<\/div>\n\t\t\t\t<\/div>\n\t\t\t\t\t<\/div>\n\t\t<\/div>\n\t\t\t\t\t<\/div>\n\t\t<\/section>\n\t\t\t\t<section class=\"elementor-section elementor-inner-section elementor-element elementor-element-61b6e6cb elementor-section-boxed elementor-section-height-default elementor-section-height-default\" data-id=\"61b6e6cb\" data-element_type=\"section\" data-e-type=\"section\">\n\t\t\t\t\t\t<div class=\"elementor-container elementor-column-gap-default\">\n\t\t\t\t\t<div class=\"elementor-column elementor-col-33 elementor-inner-column elementor-element elementor-element-9fdd03f\" data-id=\"9fdd03f\" data-element_type=\"column\" data-e-type=\"column\">\n\t\t\t<div class=\"elementor-widget-wrap elementor-element-populated\">\n\t\t\t\t\t\t<div class=\"elementor-element elementor-element-3326376 elementor-view-default elementor-position-block-start elementor-mobile-position-block-start elementor-widget elementor-widget-icon-box\" data-id=\"3326376\" data-element_type=\"widget\" data-e-type=\"widget\" data-widget_type=\"icon-box.default\">\n\t\t\t\t<div class=\"elementor-widget-container\">\n\t\t\t\t\t\t\t<div class=\"elementor-icon-box-wrapper\">\n\n\t\t\t\t\t\t<div class=\"elementor-icon-box-icon\">\n\t\t\t\t<span  class=\"elementor-icon elementor-animation-grow\">\n\t\t\t\t<i aria-hidden=\"true\" class=\"fas fa-user-tie\"><\/i>\t\t\t\t<\/span>\n\t\t\t<\/div>\n\t\t\t\n\t\t\t\t\t\t<div class=\"elementor-icon-box-content\">\n\n\t\t\t\t\t\t\t\t\t<h3 class=\"elementor-icon-box-title\">\n\t\t\t\t\t\t<span  >\n\t\t\t\t\t\t\tORIENTACI\u00d3N EN CASO DE AUDITOR\u00cdA\t\t\t\t\t\t<\/span>\n\t\t\t\t\t<\/h3>\n\t\t\t\t\n\t\t\t\t\t\t\t\t\t<p class=\"elementor-icon-box-description\">\n\t\t\t\t\t\tTodas las declaraciones personales est\u00e1n respaldadas por soporte de auditor\u00eda, que brinda orientaci\u00f3n de auditor\u00eda personalizada por parte de un profesional de impuestos capacitado.\t\t\t\t\t<\/p>\n\t\t\t\t\n\t\t\t<\/div>\n\t\t\t\n\t\t<\/div>\n\t\t\t\t\t\t<\/div>\n\t\t\t\t<\/div>\n\t\t\t\t\t<\/div>\n\t\t<\/div>\n\t\t\t\t<div class=\"elementor-column elementor-col-33 elementor-inner-column elementor-element elementor-element-7cd90f2\" data-id=\"7cd90f2\" data-element_type=\"column\" data-e-type=\"column\">\n\t\t\t<div class=\"elementor-widget-wrap elementor-element-populated\">\n\t\t\t\t\t\t<div class=\"elementor-element elementor-element-4bfb80f elementor-align-center elementor-widget elementor-widget-button\" data-id=\"4bfb80f\" data-element_type=\"widget\" data-e-type=\"widget\" data-widget_type=\"button.default\">\n\t\t\t\t<div class=\"elementor-widget-container\">\n\t\t\t\t\t\t\t\t\t<div class=\"elementor-button-wrapper\">\n\t\t\t\t\t<a class=\"elementor-button elementor-button-link elementor-size-md\" href=\"https:\/\/cktaxmultiservice.com\/es\/contact\/\">\n\t\t\t\t\t\t<span class=\"elementor-button-content-wrapper\">\n\t\t\t\t\t\t\t\t\t<span class=\"elementor-button-text\">\u00a1PIDE TU CITA YA!<\/span>\n\t\t\t\t\t<\/span>\n\t\t\t\t\t<\/a>\n\t\t\t\t<\/div>\n\t\t\t\t\t\t\t\t<\/div>\n\t\t\t\t<\/div>\n\t\t\t\t\t<\/div>\n\t\t<\/div>\n\t\t\t\t<div class=\"elementor-column elementor-col-33 elementor-inner-column elementor-element elementor-element-4d9bc37\" data-id=\"4d9bc37\" data-element_type=\"column\" data-e-type=\"column\">\n\t\t\t<div class=\"elementor-widget-wrap elementor-element-populated\">\n\t\t\t\t\t\t<div class=\"elementor-element elementor-element-16473201 elementor-view-default elementor-position-block-start elementor-mobile-position-block-start elementor-widget elementor-widget-icon-box\" data-id=\"16473201\" data-element_type=\"widget\" data-e-type=\"widget\" data-widget_type=\"icon-box.default\">\n\t\t\t\t<div class=\"elementor-widget-container\">\n\t\t\t\t\t\t\t<div class=\"elementor-icon-box-wrapper\">\n\n\t\t\t\t\t\t<div class=\"elementor-icon-box-icon\">\n\t\t\t\t<span  class=\"elementor-icon elementor-animation-grow\">\n\t\t\t\t<i aria-hidden=\"true\" class=\"fas fa-envelope-open-text\"><\/i>\t\t\t\t<\/span>\n\t\t\t<\/div>\n\t\t\t\n\t\t\t\t\t\t<div class=\"elementor-icon-box-content\">\n\n\t\t\t\t\t\t\t\t\t<h3 class=\"elementor-icon-box-title\">\n\t\t\t\t\t\t<span  >\n\t\t\t\t\t\t\t SU REEMBOLSO DE IMPUESTOS LO M\u00c1S R\u00c1PIDO POSIBLE\t\t\t\t\t\t<\/span>\n\t\t\t\t\t<\/h3>\n\t\t\t\t\n\t\t\t\t\t\t\t\t\t<p class=\"elementor-icon-box-description\">\n\t\t\t\t\t\t\nPresente sus impuestos electr\u00f3nicamente y reciba una confirmaci\u00f3n por correo electr\u00f3nico del IRS una vez que se haya aceptado su declaraci\u00f3n de impuestos. Luego realice un seguimiento para ver cu\u00e1ndo llegar\u00e1 el reembolso a su cuenta bancaria.\t\t\t\t\t<\/p>\n\t\t\t\t\n\t\t\t<\/div>\n\t\t\t\n\t\t<\/div>\n\t\t\t\t\t\t<\/div>\n\t\t\t\t<\/div>\n\t\t\t\t\t<\/div>\n\t\t<\/div>\n\t\t\t\t\t<\/div>\n\t\t<\/section>\n\t\t\t\t\t<\/div>\n\t\t<\/div>\n\t\t\t\t\t<\/div>\n\t\t<\/section>\n\t\t\t\t<\/div>","protected":false},"excerpt":{"rendered":"<p>INCOME TAX At CK TAX MULTISERVICE, we understand that no one wants to pay more taxes than necessary or pay penalties that they could have avoided with proper tax return preparation. Therefore, we make every effort to work with you in gathering all the information necessary to ensure that anaccurate return is filed.We have a &hellip;<\/p>\n<p class=\"read-more\"> <a class=\"\" href=\"https:\/\/cktaxmultiservice.com\/es\/income-tax\/\"> <span class=\"screen-reader-text\">Preparaci\u00f3n de Impuestos<\/span> Leer m\u00e1s &raquo;<\/a><\/p>","protected":false},"author":1,"featured_media":0,"parent":0,"menu_order":0,"comment_status":"closed","ping_status":"closed","template":"","meta":{"site-sidebar-layout":"no-sidebar","site-content-layout":"page-builder","ast-main-header-display":"","ast-hfb-above-header-display":"","ast-hfb-below-header-display":"","ast-hfb-mobile-header-display":"","site-post-title":"disabled","ast-breadcrumbs-content":"","ast-featured-img":"disabled","footer-sml-layout":"","theme-transparent-header-meta":"","adv-header-id-meta":"","stick-header-meta":"","header-above-stick-meta":"","header-main-stick-meta":"","header-below-stick-meta":"","footnotes":""},"class_list":["post-1240","page","type-page","status-publish","hentry"],"yoast_head":"<!-- This site is optimized with the Yoast SEO plugin v27.4 - https:\/\/yoast.com\/product\/yoast-seo-wordpress\/ -->\n<title>Income Tax -<\/title>\n<meta name=\"robots\" content=\"index, follow, max-snippet:-1, max-image-preview:large, max-video-preview:-1\" \/>\n<link rel=\"canonical\" href=\"https:\/\/cktaxmultiservice.com\/es\/income-tax\/\" \/>\n<meta property=\"og:locale\" content=\"es_ES\" \/>\n<meta property=\"og:type\" content=\"article\" \/>\n<meta property=\"og:title\" content=\"Income Tax -\" \/>\n<meta property=\"og:description\" content=\"INCOME TAX At CK TAX MULTISERVICE, we understand that no one wants to pay more taxes than necessary or pay penalties that they could have avoided with proper tax return preparation. Therefore, we make every effort to work with you in gathering all the information necessary to ensure that anaccurate return is filed.We have a &hellip; Income Tax Leer m\u00e1s &raquo;\" \/>\n<meta property=\"og:url\" content=\"https:\/\/cktaxmultiservice.com\/es\/income-tax\/\" \/>\n<meta property=\"article:modified_time\" content=\"2022-02-16T02:24:57+00:00\" \/>\n<meta property=\"og:image\" content=\"https:\/\/cktaxmultiservice.com\/wp-content\/uploads\/2022\/02\/BANNER-SERVICIOS3.png\" \/>\n<meta name=\"twitter:card\" content=\"summary_large_image\" \/>\n<meta name=\"twitter:label1\" content=\"Tiempo de lectura\" \/>\n\t<meta name=\"twitter:data1\" content=\"3 minutos\" \/>\n<script type=\"application\/ld+json\" class=\"yoast-schema-graph\">{\"@context\":\"https:\\\/\\\/schema.org\",\"@graph\":[{\"@type\":\"WebPage\",\"@id\":\"https:\\\/\\\/cktaxmultiservice.com\\\/income-tax\\\/\",\"url\":\"https:\\\/\\\/cktaxmultiservice.com\\\/income-tax\\\/\",\"name\":\"Income Tax -\",\"isPartOf\":{\"@id\":\"https:\\\/\\\/cktaxmultiservice.com\\\/#website\"},\"primaryImageOfPage\":{\"@id\":\"https:\\\/\\\/cktaxmultiservice.com\\\/income-tax\\\/#primaryimage\"},\"image\":{\"@id\":\"https:\\\/\\\/cktaxmultiservice.com\\\/income-tax\\\/#primaryimage\"},\"thumbnailUrl\":\"https:\\\/\\\/cktaxmultiservice.com\\\/wp-content\\\/uploads\\\/2022\\\/02\\\/BANNER-SERVICIOS3.png\",\"datePublished\":\"2022-01-17T00:43:05+00:00\",\"dateModified\":\"2022-02-16T02:24:57+00:00\",\"breadcrumb\":{\"@id\":\"https:\\\/\\\/cktaxmultiservice.com\\\/income-tax\\\/#breadcrumb\"},\"inLanguage\":\"es\",\"potentialAction\":[{\"@type\":\"ReadAction\",\"target\":[\"https:\\\/\\\/cktaxmultiservice.com\\\/income-tax\\\/\"]}]},{\"@type\":\"ImageObject\",\"inLanguage\":\"es\",\"@id\":\"https:\\\/\\\/cktaxmultiservice.com\\\/income-tax\\\/#primaryimage\",\"url\":\"https:\\\/\\\/cktaxmultiservice.com\\\/wp-content\\\/uploads\\\/2022\\\/02\\\/BANNER-SERVICIOS3.png\",\"contentUrl\":\"https:\\\/\\\/cktaxmultiservice.com\\\/wp-content\\\/uploads\\\/2022\\\/02\\\/BANNER-SERVICIOS3.png\"},{\"@type\":\"BreadcrumbList\",\"@id\":\"https:\\\/\\\/cktaxmultiservice.com\\\/income-tax\\\/#breadcrumb\",\"itemListElement\":[{\"@type\":\"ListItem\",\"position\":1,\"name\":\"Portada\",\"item\":\"https:\\\/\\\/cktaxmultiservice.com\\\/\"},{\"@type\":\"ListItem\",\"position\":2,\"name\":\"Income Tax\"}]},{\"@type\":\"WebSite\",\"@id\":\"https:\\\/\\\/cktaxmultiservice.com\\\/#website\",\"url\":\"https:\\\/\\\/cktaxmultiservice.com\\\/\",\"name\":\"\",\"description\":\"Otro sitio realizado con WordPress\",\"potentialAction\":[{\"@type\":\"SearchAction\",\"target\":{\"@type\":\"EntryPoint\",\"urlTemplate\":\"https:\\\/\\\/cktaxmultiservice.com\\\/?s={search_term_string}\"},\"query-input\":{\"@type\":\"PropertyValueSpecification\",\"valueRequired\":true,\"valueName\":\"search_term_string\"}}],\"inLanguage\":\"es\"}]}<\/script>\n<!-- \/ Yoast SEO plugin. -->","yoast_head_json":{"title":"Income Tax -","robots":{"index":"index","follow":"follow","max-snippet":"max-snippet:-1","max-image-preview":"max-image-preview:large","max-video-preview":"max-video-preview:-1"},"canonical":"https:\/\/cktaxmultiservice.com\/es\/income-tax\/","og_locale":"es_ES","og_type":"article","og_title":"Income Tax -","og_description":"INCOME TAX At CK TAX MULTISERVICE, we understand that no one wants to pay more taxes than necessary or pay penalties that they could have avoided with proper tax return preparation. Therefore, we make every effort to work with you in gathering all the information necessary to ensure that anaccurate return is filed.We have a &hellip; Income Tax Leer m\u00e1s &raquo;","og_url":"https:\/\/cktaxmultiservice.com\/es\/income-tax\/","article_modified_time":"2022-02-16T02:24:57+00:00","og_image":[{"url":"https:\/\/cktaxmultiservice.com\/wp-content\/uploads\/2022\/02\/BANNER-SERVICIOS3.png","type":"","width":"","height":""}],"twitter_card":"summary_large_image","twitter_misc":{"Tiempo de lectura":"3 minutos"},"schema":{"@context":"https:\/\/schema.org","@graph":[{"@type":"WebPage","@id":"https:\/\/cktaxmultiservice.com\/income-tax\/","url":"https:\/\/cktaxmultiservice.com\/income-tax\/","name":"Income Tax -","isPartOf":{"@id":"https:\/\/cktaxmultiservice.com\/#website"},"primaryImageOfPage":{"@id":"https:\/\/cktaxmultiservice.com\/income-tax\/#primaryimage"},"image":{"@id":"https:\/\/cktaxmultiservice.com\/income-tax\/#primaryimage"},"thumbnailUrl":"https:\/\/cktaxmultiservice.com\/wp-content\/uploads\/2022\/02\/BANNER-SERVICIOS3.png","datePublished":"2022-01-17T00:43:05+00:00","dateModified":"2022-02-16T02:24:57+00:00","breadcrumb":{"@id":"https:\/\/cktaxmultiservice.com\/income-tax\/#breadcrumb"},"inLanguage":"es","potentialAction":[{"@type":"ReadAction","target":["https:\/\/cktaxmultiservice.com\/income-tax\/"]}]},{"@type":"ImageObject","inLanguage":"es","@id":"https:\/\/cktaxmultiservice.com\/income-tax\/#primaryimage","url":"https:\/\/cktaxmultiservice.com\/wp-content\/uploads\/2022\/02\/BANNER-SERVICIOS3.png","contentUrl":"https:\/\/cktaxmultiservice.com\/wp-content\/uploads\/2022\/02\/BANNER-SERVICIOS3.png"},{"@type":"BreadcrumbList","@id":"https:\/\/cktaxmultiservice.com\/income-tax\/#breadcrumb","itemListElement":[{"@type":"ListItem","position":1,"name":"Portada","item":"https:\/\/cktaxmultiservice.com\/"},{"@type":"ListItem","position":2,"name":"Income Tax"}]},{"@type":"WebSite","@id":"https:\/\/cktaxmultiservice.com\/#website","url":"https:\/\/cktaxmultiservice.com\/","name":"","description":"Otro sitio realizado con WordPress","potentialAction":[{"@type":"SearchAction","target":{"@type":"EntryPoint","urlTemplate":"https:\/\/cktaxmultiservice.com\/?s={search_term_string}"},"query-input":{"@type":"PropertyValueSpecification","valueRequired":true,"valueName":"search_term_string"}}],"inLanguage":"es"}]}},"_links":{"self":[{"href":"https:\/\/cktaxmultiservice.com\/es\/wp-json\/wp\/v2\/pages\/1240","targetHints":{"allow":["GET"]}}],"collection":[{"href":"https:\/\/cktaxmultiservice.com\/es\/wp-json\/wp\/v2\/pages"}],"about":[{"href":"https:\/\/cktaxmultiservice.com\/es\/wp-json\/wp\/v2\/types\/page"}],"author":[{"embeddable":true,"href":"https:\/\/cktaxmultiservice.com\/es\/wp-json\/wp\/v2\/users\/1"}],"replies":[{"embeddable":true,"href":"https:\/\/cktaxmultiservice.com\/es\/wp-json\/wp\/v2\/comments?post=1240"}],"version-history":[{"count":110,"href":"https:\/\/cktaxmultiservice.com\/es\/wp-json\/wp\/v2\/pages\/1240\/revisions"}],"predecessor-version":[{"id":2649,"href":"https:\/\/cktaxmultiservice.com\/es\/wp-json\/wp\/v2\/pages\/1240\/revisions\/2649"}],"wp:attachment":[{"href":"https:\/\/cktaxmultiservice.com\/es\/wp-json\/wp\/v2\/media?parent=1240"}],"curies":[{"name":"wp","href":"https:\/\/api.w.org\/{rel}","templated":true}]}}